{"id":96,"date":"2026-03-16T19:40:22","date_gmt":"2026-03-16T18:40:22","guid":{"rendered":"https:\/\/aevonuxlab.com\/?page_id=96"},"modified":"2026-03-19T11:37:38","modified_gmt":"2026-03-19T10:37:38","slug":"conseils","status":"publish","type":"page","link":"https:\/\/aevonuxlab.com\/index.php\/conseils\/","title":{"rendered":"Conseils"},"content":{"rendered":"\n<div class=\"wp-block-group alignfull is-layout-flow wp-container-core-group-is-layout-f9cb6abc wp-block-group-is-layout-flow\" style=\"margin-top:0;margin-bottom:0\">\n<div class=\"wp-block-columns alignfull is-style-section-2 is-layout-flex wp-container-core-columns-is-layout-d9884270 wp-block-columns-is-layout-flex is-style-section-2--1\" style=\"padding-top:0;padding-bottom:0\">\n<div class=\"wp-block-column is-layout-flow wp-block-column-is-layout-flow\" style=\"flex-basis:50%\">\n<div class=\"wp-block-group is-vertical is-content-justification-stretch is-layout-flex wp-container-core-group-is-layout-098fff0a wp-block-group-is-layout-flex\" style=\"min-height:33vh;padding-top:var(--wp--preset--spacing--50);padding-right:var(--wp--preset--spacing--50);padding-bottom:var(--wp--preset--spacing--50);padding-left:var(--wp--preset--spacing--50)\">\n<p><strong>Anticiper demain :<\/strong><\/p>\n\n\n\n<p><strong> Mes conseils High-Tech \u00bb<\/strong><\/p>\n\n\n\n<ol style=\"color:#f9f9f9\" class=\"wp-block-list has-text-color has-link-color wp-elements-2dcfd77aeb1b003c04984f009d2c5273\">\n<li>\u200b<strong>L&rsquo;IA au service de l&rsquo;objet <\/strong><\/li>\n\n\n\n<li>Ne choisissez plus des produits passifs.<\/li>\n\n\n\n<li> Le futur appartient aux objets qui apprennent de vos habitudes pour optimiser votre quotidien.<\/li>\n\n\n\n<li>\u200b<strong>L&rsquo;autonomie \u00e9nerg\u00e9tique :<\/strong> <\/li>\n\n\n\n<li>Un produit high-tech n&rsquo;est rien sans une gestion intelligente de l&rsquo;\u00e9nergie. Privil\u00e9giez les technologies \u00e0 basse consommation (Low-Tech hybride) pour une durabilit\u00e9 maximale.<\/li>\n<\/ol>\n\n\n\n<p class=\"has-text-color has-link-color wp-elements-d72577d58dd2ef6551e56dba37d46ed9\" style=\"color:#ede4e4\">\u200b<strong>Le Labo  Aevonuxlab :<\/strong><\/p>\n\n\n\n<p class=\"has-text-color has-link-color wp-elements-af880ca068c3b624588b9fdf089790b7\" style=\"color:#ede4e4\">  Je teste et je s\u00e9lectionne pour vous les innovations qui ne sont pas seulement des gadgets, mais de vraies r\u00e9volutions.<\/p>\n<\/div>\n<\/div>\n\n\n\n<div class=\"wp-block-column is-layout-flow wp-block-column-is-layout-flow\" style=\"flex-basis:50%\">\n<div class=\"wp-block-cover is-light\" style=\"min-height:631px;aspect-ratio:unset;\"><img loading=\"lazy\" decoding=\"async\" width=\"727\" height=\"690\" class=\"wp-block-cover__image-background wp-image-13 size-full\" alt=\"\" src=\"https:\/\/aevonuxlab.com\/wp-content\/uploads\/2026\/03\/Capture-decran-2026-03-09-182705.png\" data-object-fit=\"cover\" srcset=\"https:\/\/aevonuxlab.com\/wp-content\/uploads\/2026\/03\/Capture-decran-2026-03-09-182705.png 727w, https:\/\/aevonuxlab.com\/wp-content\/uploads\/2026\/03\/Capture-decran-2026-03-09-182705-300x285.png 300w\" sizes=\"auto, (max-width: 727px) 100vw, 727px\" \/><span aria-hidden=\"true\" class=\"wp-block-cover__background has-background-dim-0 has-background-dim\" style=\"background-color:#91aabf\"><\/span><div class=\"wp-block-cover__inner-container is-layout-flow wp-block-cover-is-layout-flow\">\n<div style=\"height:var(--wp--preset--spacing--20)\" aria-hidden=\"true\" class=\"wp-block-spacer\"><\/div>\n<\/div><\/div>\n<\/div>\n<\/div>\n<\/div>\n\n\n\n<p><\/p>\n","protected":false},"excerpt":{"rendered":"<p>Anticiper demain : Mes conseils High-Tech \u00bb \u200bLe Labo Aevonuxlab : Je teste et je s\u00e9lectionne pour vous les innovations qui ne sont pas seulement des gadgets, mais de vraies r\u00e9volutions.<\/p>\n","protected":false},"author":1,"featured_media":0,"parent":0,"menu_order":0,"comment_status":"closed","ping_status":"closed","template":"","meta":{"footnotes":""},"class_list":["post-96","page","type-page","status-publish","hentry"],"_links":{"self":[{"href":"https:\/\/aevonuxlab.com\/index.php\/wp-json\/wp\/v2\/pages\/96","targetHints":{"allow":["GET"]}}],"collection":[{"href":"https:\/\/aevonuxlab.com\/index.php\/wp-json\/wp\/v2\/pages"}],"about":[{"href":"https:\/\/aevonuxlab.com\/index.php\/wp-json\/wp\/v2\/types\/page"}],"author":[{"embeddable":true,"href":"https:\/\/aevonuxlab.com\/index.php\/wp-json\/wp\/v2\/users\/1"}],"replies":[{"embeddable":true,"href":"https:\/\/aevonuxlab.com\/index.php\/wp-json\/wp\/v2\/comments?post=96"}],"version-history":[{"count":6,"href":"https:\/\/aevonuxlab.com\/index.php\/wp-json\/wp\/v2\/pages\/96\/revisions"}],"predecessor-version":[{"id":173,"href":"https:\/\/aevonuxlab.com\/index.php\/wp-json\/wp\/v2\/pages\/96\/revisions\/173"}],"wp:attachment":[{"href":"https:\/\/aevonuxlab.com\/index.php\/wp-json\/wp\/v2\/media?parent=96"}],"curies":[{"name":"wp","href":"https:\/\/api.w.org\/{rel}","templated":true}]}}