{"id":94,"date":"2026-03-16T19:51:24","date_gmt":"2026-03-16T18:51:24","guid":{"rendered":"https:\/\/aevonuxlab.com\/?page_id=94"},"modified":"2026-03-19T11:17:22","modified_gmt":"2026-03-19T10:17:22","slug":"digital","status":"publish","type":"page","link":"https:\/\/aevonuxlab.com\/index.php\/digital\/","title":{"rendered":"Digital"},"content":{"rendered":"\n<div class=\"wp-block-group is-nowrap is-layout-flex wp-container-core-group-is-layout-6c531013 wp-block-group-is-layout-flex\">\n<div class=\"wp-block-cover alignfull is-light has-text-color has-link-color wp-elements-da4206ad1869bb3bcc51905fa93d8aec\" style=\"color:#f4f9f7;margin-top:0;margin-bottom:0;padding-top:var(--wp--preset--spacing--60);padding-right:var(--wp--preset--spacing--50);padding-bottom:var(--wp--preset--spacing--60);padding-left:var(--wp--preset--spacing--50)\"><span aria-hidden=\"true\" class=\"wp-block-cover__background has-base-background-color has-background-dim-100 has-background-dim\"><\/span><div class=\"wp-block-cover__inner-container has-global-padding is-layout-constrained wp-container-core-cover-is-layout-873ee6b1 wp-block-cover-is-layout-constrained\">\n<div class=\"wp-block-columns alignwide is-layout-flex wp-container-core-columns-is-layout-7ee84d44 wp-block-columns-is-layout-flex\">\n<div class=\"wp-block-column is-layout-flow wp-block-column-is-layout-flow\" style=\"flex-basis:65%\">\n<div class=\"wp-block-group is-vertical is-content-justification-stretch is-layout-flex wp-container-core-group-is-layout-353c4f5a wp-block-group-is-layout-flex\">\n<p class=\"is-style-text-subtitle has-contrast-color has-text-color has-link-color wp-elements-9fde7ec48726c0591f21ff9c50c13c2e is-style-text-subtitle--1\"><strong>Horizon Num\u00e9rique par  AEVONUXLAB<\/strong><\/p>\n<\/div>\n\n\n\n<p>\u200bLe monde digital ne s&rsquo;arr\u00eate pas \u00e0 un \u00e9cran de smartphone. C&rsquo;est un oc\u00e9an d&rsquo;innovations qui red\u00e9finissent chaque jour notre mani\u00e8re de vivre, de cr\u00e9er et de communiquer.<\/p>\n\n\n\n<p>\u200b<strong>Notre Vision<\/strong><\/p>\n\n\n\n<p>\u200bDans ce laboratoire, nous ne cherchons pas seulement des objets, nous d\u00e9cryptons des tendances. Le digital, pour nous, c&rsquo;est :<\/p>\n\n\n\n<ul class=\"wp-block-list\">\n<li>\u200b<strong>L&rsquo;Invisibilit\u00e9 :<\/strong> Quand la technologie devient si fluide qu&rsquo;on l&rsquo;oublie.<\/li>\n\n\n\n<li>\u200b<strong>L&rsquo;Intelligence :<\/strong> L&rsquo;IA (Intelligence Artificielle) au service de l&rsquo;humain, pour nous lib\u00e9rer du temps.<\/li>\n\n\n\n<li>\u200b<strong>L&rsquo;\u00c9motion :<\/strong> Comment le design et la lumi\u00e8re transforment un simple appareil en un objet rare.<\/li>\n<\/ul>\n\n\n\n<p>\u200b<strong>Pourquoi \u00ab\u00a0Exclusif\u00a0\u00bb ?<\/strong><\/p>\n\n\n\n<p class=\"is-style-text-subtitle is-style-text-subtitle--2\">\u200bParce que le digital appartient \u00e0 tout le monde, mais les p\u00e9pites sont r\u00e9serv\u00e9es \u00e0 ceux qui savent regarder plus loin. Bienvenue dans l&rsquo;exploration du futur.<\/p>\n<\/div>\n\n\n\n<div class=\"wp-block-column has-contrast-color has-text-color has-link-color wp-elements-9173249d3baecbb12373691ef9480851 is-layout-flow wp-block-column-is-layout-flow\" style=\"flex-basis:35%\">\n<div class=\"wp-block-group is-vertical is-content-justification-stretch is-nowrap is-layout-flex wp-container-core-group-is-layout-73b0033c wp-block-group-is-layout-flex\">\n<figure class=\"wp-block-image size-medium\"><img loading=\"lazy\" decoding=\"async\" width=\"300\" height=\"295\" src=\"https:\/\/aevonuxlab.com\/wp-content\/uploads\/2026\/03\/Capture-decran-2026-03-09-182329-2-300x295.png\" alt=\"\" class=\"wp-image-160\" style=\"aspect-ratio:1;object-fit:cover\" srcset=\"https:\/\/aevonuxlab.com\/wp-content\/uploads\/2026\/03\/Capture-decran-2026-03-09-182329-2-300x295.png 300w, https:\/\/aevonuxlab.com\/wp-content\/uploads\/2026\/03\/Capture-decran-2026-03-09-182329-2.png 681w\" sizes=\"auto, (max-width: 300px) 100vw, 300px\" \/><\/figure>\n\n\n\n<p class=\"has-text-align-right has-large-font-size\" style=\"line-height:1.2\">Rejoignez    le r\u00e9seau pro sur  &nbsp;&nbsp;<\/p>\n<\/div>\n\n\n\n<div class=\"wp-block-buttons is-layout-flex wp-container-core-buttons-is-layout-ea8b11be wp-block-buttons-is-layout-flex\">\n<div class=\"wp-block-button has-custom-width wp-block-button__width-100\" id=\"M\"><a class=\"wp-block-button__link wp-element-button\" href=\"http:\/\/linkedin.com\/in\/meriem-bendjedia-872951323\">linkedin<\/a><\/div>\n<\/div>\n<\/div>\n<\/div>\n<\/div><\/div>\n<\/div>\n\n\n\n<p><\/p>\n","protected":false},"excerpt":{"rendered":"","protected":false},"author":1,"featured_media":0,"parent":0,"menu_order":0,"comment_status":"closed","ping_status":"closed","template":"","meta":{"footnotes":""},"class_list":["post-94","page","type-page","status-publish","hentry"],"_links":{"self":[{"href":"https:\/\/aevonuxlab.com\/index.php\/wp-json\/wp\/v2\/pages\/94","targetHints":{"allow":["GET"]}}],"collection":[{"href":"https:\/\/aevonuxlab.com\/index.php\/wp-json\/wp\/v2\/pages"}],"about":[{"href":"https:\/\/aevonuxlab.com\/index.php\/wp-json\/wp\/v2\/types\/page"}],"author":[{"embeddable":true,"href":"https:\/\/aevonuxlab.com\/index.php\/wp-json\/wp\/v2\/users\/1"}],"replies":[{"embeddable":true,"href":"https:\/\/aevonuxlab.com\/index.php\/wp-json\/wp\/v2\/comments?post=94"}],"version-history":[{"count":5,"href":"https:\/\/aevonuxlab.com\/index.php\/wp-json\/wp\/v2\/pages\/94\/revisions"}],"predecessor-version":[{"id":170,"href":"https:\/\/aevonuxlab.com\/index.php\/wp-json\/wp\/v2\/pages\/94\/revisions\/170"}],"wp:attachment":[{"href":"https:\/\/aevonuxlab.com\/index.php\/wp-json\/wp\/v2\/media?parent=94"}],"curies":[{"name":"wp","href":"https:\/\/api.w.org\/{rel}","templated":true}]}}