{"id":247,"date":"2026-04-11T01:45:09","date_gmt":"2026-04-10T23:45:09","guid":{"rendered":"https:\/\/aevonuxlab.com\/?page_id=247"},"modified":"2026-04-20T11:23:20","modified_gmt":"2026-04-20T09:23:20","slug":"cgu-conditions-generales","status":"publish","type":"page","link":"https:\/\/aevonuxlab.com\/index.php\/cgu-conditions-generales\/","title":{"rendered":"CGU \/  Conditions G\u00e9n\u00e9rales"},"content":{"rendered":"\n<p>CONDITIONS G\u00c9N\u00c9RALES D&rsquo;UTILISATION (CGU)<\/p>\n\n\n\n<p>1. Objet<\/p>\n\n\n\n<p>Les pr\u00e9sentes CGU ont pour objet de d\u00e9finir les modalit\u00e9s de mise \u00e0 disposition du site AEVONUXLAB et les conditions d&rsquo;utilisation par l&rsquo;Utilisateur.<\/p>\n\n\n\n<p>2. Propri\u00e9t\u00e9 intellectuelle<\/p>\n\n\n\n<p>La structure g\u00e9n\u00e9rale du site, ainsi que les textes, graphismes, images et vid\u00e9os la composant, sont la propri\u00e9t\u00e9 de Aevonuxlab.<\/p>\n\n\n\n<p> Toute repr\u00e9sentation et\/ou reproduction et\/ou exploitation partielle ou totale des contenus propos\u00e9s par le site, par quelque proc\u00e9d\u00e9 que ce soit, sans l&rsquo;autorisation pr\u00e9alable et par \u00e9crit de l&rsquo;\u00e9diteur est strictement interdite.<\/p>\n\n\n\n<p>3. Responsabilit\u00e9<\/p>\n\n\n\n<p>Les informations et\/ou documents figurant sur ce site proviennent de sources consid\u00e9r\u00e9es comme \u00e9tant fiables. Toutefois, ces informations peuvent contenir des inexactitudes techniques et des erreurs typographiques. L\u2019utilisation des informations disponibles sur ce site se fait sous l\u2019enti\u00e8re et seule responsabilit\u00e9 de l\u2019utilisateur, qui assume la totalit\u00e9 des cons\u00e9quences pouvant en d\u00e9couler.<\/p>\n\n\n\n<p>4. Liens d&rsquo;affiliation et sites tiers<\/p>\n\n\n\n<p>AEVONUXLAB  contient des liens hypertextes vers des sites partenaires (Amazon, etc.). L&rsquo;\u00e9diteur n&rsquo;exerce aucun contr\u00f4le sur ces sites et d\u00e9cline toute responsabilit\u00e9 quant \u00e0 leur contenu ou aux modifications apport\u00e9es \u00e0 leurs offres (prix, disponibilit\u00e9). Un achat effectu\u00e9 via un lien d&rsquo;affiliation n&rsquo;engage que l&rsquo;Utilisateur et le site marchand concern\u00e9.<\/p>\n\n\n\n<p>5. Modification des conditions<\/p>\n\n\n\n<p>L\u2019\u00e9diteur se r\u00e9serve la possibilit\u00e9 de modifier, \u00e0 tout moment et sans pr\u00e9avis, les pr\u00e9sentes conditions d\u2019utilisation afin de les adapter aux \u00e9volutions du site et\/ou de son exploitation.<\/p>\n\n\n\n<p>6. Droit applicable<\/p>\n\n\n\n<p>Tant le pr\u00e9sent site que les modalit\u00e9s et conditions de son utilisation sont r\u00e9gis par le droit fran\u00e7ais, quel que soit le lieu d\u2019utilisation. En cas de contestation \u00e9ventuelle, et apr\u00e8s l\u2019\u00e9chec de toute tentative de recherche d\u2019une solution amiable, les tribunaux fran\u00e7ais seront seuls comp\u00e9tents.<\/p>\n","protected":false},"excerpt":{"rendered":"<p>CONDITIONS G\u00c9N\u00c9RALES D&rsquo;UTILISATION (CGU) 1. Objet Les pr\u00e9sentes CGU ont pour objet de d\u00e9finir les modalit\u00e9s de mise \u00e0 disposition du site AEVONUXLAB et les conditions d&rsquo;utilisation par l&rsquo;Utilisateur. 2. Propri\u00e9t\u00e9 intellectuelle La structure g\u00e9n\u00e9rale du site, ainsi que les textes, graphismes, images et vid\u00e9os la composant, sont la propri\u00e9t\u00e9 de Aevonuxlab. Toute repr\u00e9sentation et\/ou [&hellip;]<\/p>\n","protected":false},"author":1,"featured_media":0,"parent":0,"menu_order":0,"comment_status":"closed","ping_status":"closed","template":"","meta":{"footnotes":""},"class_list":["post-247","page","type-page","status-publish","hentry"],"_links":{"self":[{"href":"https:\/\/aevonuxlab.com\/index.php\/wp-json\/wp\/v2\/pages\/247","targetHints":{"allow":["GET"]}}],"collection":[{"href":"https:\/\/aevonuxlab.com\/index.php\/wp-json\/wp\/v2\/pages"}],"about":[{"href":"https:\/\/aevonuxlab.com\/index.php\/wp-json\/wp\/v2\/types\/page"}],"author":[{"embeddable":true,"href":"https:\/\/aevonuxlab.com\/index.php\/wp-json\/wp\/v2\/users\/1"}],"replies":[{"embeddable":true,"href":"https:\/\/aevonuxlab.com\/index.php\/wp-json\/wp\/v2\/comments?post=247"}],"version-history":[{"count":3,"href":"https:\/\/aevonuxlab.com\/index.php\/wp-json\/wp\/v2\/pages\/247\/revisions"}],"predecessor-version":[{"id":254,"href":"https:\/\/aevonuxlab.com\/index.php\/wp-json\/wp\/v2\/pages\/247\/revisions\/254"}],"wp:attachment":[{"href":"https:\/\/aevonuxlab.com\/index.php\/wp-json\/wp\/v2\/media?parent=247"}],"curies":[{"name":"wp","href":"https:\/\/api.w.org\/{rel}","templated":true}]}}