{"id":241,"date":"2026-04-11T01:22:55","date_gmt":"2026-04-10T23:22:55","guid":{"rendered":"https:\/\/aevonuxlab.com\/?page_id=241"},"modified":"2026-04-11T01:22:55","modified_gmt":"2026-04-10T23:22:55","slug":"mentions-legales","status":"publish","type":"page","link":"https:\/\/aevonuxlab.com\/index.php\/mentions-legales\/","title":{"rendered":"Mentions  l\u00e9gales"},"content":{"rendered":"\n<p>Mentions  l\u00e9gales<\/p>\n\n\n\n<p class=\"has-small-font-size\">\u00c9diteur du site<br>\u200bCe site est \u00e9dit\u00e9 par  Mme Bendjedia Meriem,  op\u00e9rant sous le nom commercial AEVONUXLAB. agissant en qualit\u00e9 d&rsquo;entrepreneur individuel. Statut : Entrepreneur Individuel (Micro-entreprise)<br>\u200bSi\u00e8ge social :30 Boulevard de l&rsquo;\u00e9cole normale 36000 Ch\u00e2teauroux<br>\u200bSIRET : 999 823 545 00010<br>\u200bRCS : Immatricul\u00e9 au Registre du Commerce et des Soci\u00e9t\u00e9s  Ch\u00e2teauroux<br>\u200bContact : aevonuxlab@outlook .com [ tel : 0699205948                                                                                           H\u00e9bergement : Le site est h\u00e9berg\u00e9 par OVH SAS, 2 rue Kellermann, 59100 Roubaix, France    TVA non applicable, article 293 B du Code G\u00e9n\u00e9ral des Imp\u00f4ts (CGI).<br>\u200b: Le RGPD \/ Donn\u00e9es personnelles <br><br>\u200bProtection des donn\u00e9es personnelles :<br>Conform\u00e9ment au R\u00e8glement G\u00e9n\u00e9ral sur la Protection des Donn\u00e9es (RGPD), vous disposez d&rsquo;un droit d&rsquo;acc\u00e8s, de rectification et de suppression des donn\u00e9es vous concernant. Pour exercer ce droit, vous pouvez envoyer un e-mail \u00e0 : <a href=\"mailto:aevonuxlab@outlook.com\" target=\"_blank\" rel=\"noreferrer noopener\">aevonuxlab@outlook.com<\/a>.                                                                                                    Certains liens sur ce site sont des liens d&rsquo;affiliation.                                                                                                                         Si vous cliquez dessus et effectuez un achat, je peux percevoir une petite commission, sans aucun co\u00fbt suppl\u00e9mentaire pour vous. Cela m&rsquo;aide \u00e0 faire vivre le site et \u00e0 continuer de vous proposer des tests gratuits et ind\u00e9pendants.                                                                                                                                                                               Merci pour votre soutien   <\/p>\n","protected":false},"excerpt":{"rendered":"<p>Mentions l\u00e9gales \u00c9diteur du site\u200bCe site est \u00e9dit\u00e9 par Mme Bendjedia Meriem, op\u00e9rant sous le nom commercial AEVONUXLAB. agissant en qualit\u00e9 d&rsquo;entrepreneur individuel. Statut : Entrepreneur Individuel (Micro-entreprise)\u200bSi\u00e8ge social :30 Boulevard de l&rsquo;\u00e9cole normale 36000 Ch\u00e2teauroux\u200bSIRET : 999 823 545 00010\u200bRCS : Immatricul\u00e9 au Registre du Commerce et des Soci\u00e9t\u00e9s Ch\u00e2teauroux\u200bContact : aevonuxlab@outlook .com [ [&hellip;]<\/p>\n","protected":false},"author":1,"featured_media":0,"parent":0,"menu_order":0,"comment_status":"closed","ping_status":"closed","template":"","meta":{"footnotes":""},"class_list":["post-241","page","type-page","status-publish","hentry"],"_links":{"self":[{"href":"https:\/\/aevonuxlab.com\/index.php\/wp-json\/wp\/v2\/pages\/241","targetHints":{"allow":["GET"]}}],"collection":[{"href":"https:\/\/aevonuxlab.com\/index.php\/wp-json\/wp\/v2\/pages"}],"about":[{"href":"https:\/\/aevonuxlab.com\/index.php\/wp-json\/wp\/v2\/types\/page"}],"author":[{"embeddable":true,"href":"https:\/\/aevonuxlab.com\/index.php\/wp-json\/wp\/v2\/users\/1"}],"replies":[{"embeddable":true,"href":"https:\/\/aevonuxlab.com\/index.php\/wp-json\/wp\/v2\/comments?post=241"}],"version-history":[{"count":1,"href":"https:\/\/aevonuxlab.com\/index.php\/wp-json\/wp\/v2\/pages\/241\/revisions"}],"predecessor-version":[{"id":242,"href":"https:\/\/aevonuxlab.com\/index.php\/wp-json\/wp\/v2\/pages\/241\/revisions\/242"}],"wp:attachment":[{"href":"https:\/\/aevonuxlab.com\/index.php\/wp-json\/wp\/v2\/media?parent=241"}],"curies":[{"name":"wp","href":"https:\/\/api.w.org\/{rel}","templated":true}]}}